{"id":332,"date":"2020-09-01T07:01:09","date_gmt":"2020-09-01T07:01:09","guid":{"rendered":"http:\/\/peters-kkl.de\/?page_id=332"},"modified":"2020-09-01T07:08:17","modified_gmt":"2020-09-01T07:08:17","slug":"leistungen-2","status":"publish","type":"page","link":"https:\/\/www.peters-kkl.de\/index.php\/leistungen-2\/","title":{"rendered":"Leistungen"},"content":{"rendered":"<ul>\n<li>\n<h3>K\u00e4ltetechnik<\/h3>\n<div>\n<p>Planung, Projektierung und Installation<\/p>\n<p>Wartung und Instandhaltung<\/p>\n<p>Service und Notdienst<\/p>\n<p>Prozessk\u00fchlung<\/p>\n<p>K\u00fchl- und Tiefk\u00fchlanlagen<\/p>\n<p>Kaltwassersysteme<\/p>\n<\/div>\n<\/li>\n<li>\n<h3>Klimatechnik<\/h3>\n<div>\n<div>Planung und Montage<\/div>\n<div>\u00a0<\/div>\n<div>Wartung und Instandhaltung<\/div>\n<div>\u00a0<\/div>\n<div>Service und Notdienst<\/div>\n<div>\u00a0<\/div>\n<div>Wohlf\u00fchlklimatisierung f\u00fcr Wohn- und Gewerber\u00e4ume mittels Split-, VRV-Anlagen und Kaltwassers\u00e4tzen, Klimatisierung von Technik- und EDV-R\u00e4umen<\/div>\n<div>\u00a0<\/div>\n<\/div>\n<\/li>\n<li>\n<h3>L\u00fcftungstechnik<\/h3>\n<div>\n<div>Planung und Installation<\/div>\n<div>\u00a0<\/div>\n<div>Wartung und Instandhaltung (VDMA oder VDI 6022)<\/div>\n<div>\u00a0<\/div>\n<div>Zu- und Abluftanlagen, Wohnrauml\u00fcftungsanlagen und Raumlufttechnische Anlagen<\/div>\n<div>\u00a0<\/div>\n<div>Energetische Inspektion gem\u00e4\u00df \u00a712 EnEV<\/div>\n<div>\u00a0<\/div>\n<div>Hygienische Inspektion gem\u00e4\u00df VDI6022<\/div>\n<\/div>\n<\/li>\n<\/ul>\n<p><!-- {\"type\":\"layout\",\"children\":[{\"type\":\"section\",\"props\":{\"style\":\"default\",\"width\":\"xlarge\",\"vertical_align\":\"middle\",\"title_position\":\"top-left\",\"title_rotation\":\"left\",\"title_breakpoint\":\"xl\",\"image_position\":\"center-center\",\"class\":\"\",\"padding_remove_top\":false,\"padding_remove_horizontal\":false,\"id\":\"leistungen\"},\"children\":[{\"type\":\"row\",\"children\":[{\"type\":\"column\",\"props\":{\"image_position\":\"center-center\",\"media_overlay_gradient\":\"\"},\"children\":[{\"type\":\"accordion\",\"props\":{\"show_image\":true,\"show_link\":true,\"collapsible\":false,\"content_column_breakpoint\":\"m\",\"image_svg_color\":\"emphasis\",\"image_align\":\"top\",\"image_grid_width\":\"1-2\",\"image_grid_breakpoint\":\"m\",\"link_text\":\"Read more\",\"link_style\":\"default\"},\"children\":[{\"type\":\"accordion_item\",\"props\":{\"title\":\"K\\u00e4ltetechnik\",\"content\":\"\n\n<p>Planung, Projektierung und Installation<\\\/p>\\n\n\n<p>Wartung und Instandhaltung<\\\/p>\\n\n\n<p>Service und Notdienst<\\\/p>\\n\n\n<p>Prozessk\\u00fchlung<\\\/p>\\n\n\n<p>K\\u00fchl- und Tiefk\\u00fchlanlagen<\\\/p>\\n\n\n<p>Kaltwassersysteme<\\\/p>\"}},{\"type\":\"accordion_item\",\"props\":{\"title\":\"Klimatechnik\",\"content\":\"\n\n<div>Planung und Montage<\\\/div>\\n\n\n<div>\\u00a0<\\\/div>\\n\n\n<div>Wartung und Instandhaltung<\\\/div>\\n\n\n<div>\\u00a0<\\\/div>\\n\n\n<div>Service und Notdienst<\\\/div>\\n\n\n<div>\\u00a0<\\\/div>\\n\n\n<div>Wohlf\\u00fchlklimatisierung f\\u00fcr Wohn- und Gewerber\\u00e4ume mittels Split-, VRV-Anlagen und Kaltwassers\\u00e4tzen, Klimatisierung von Technik- und EDV-R\\u00e4umen<\\\/div>\\n\n\n<div>\\u00a0<\\\/div>\"}},{\"type\":\"accordion_item\",\"props\":{\"title\":\"L\\u00fcftungstechnik\",\"content\":\"\n\n<div>Planung und Installation<\\\/div>\\n\n\n<div>\\u00a0<\\\/div>\\n\n\n<div>Wartung und Instandhaltung (VDMA oder VDI 6022)<\\\/div>\\n\n\n<div>\\u00a0<\\\/div>\\n\n\n<div>Zu- und Abluftanlagen, Wohnrauml\\u00fcftungsanlagen und Raumlufttechnische Anlagen<\\\/div>\\n\n\n<div>\\u00a0<\\\/div>\\n\n\n<div>Energetische Inspektion gem\\u00e4\\u00df \\u00a712 EnEV<\\\/div>\\n\n\n<div>\\u00a0<\\\/div>\\n\n\n<div>Hygienische Inspektion gem\\u00e4\\u00df VDI6022<\\\/div>\"}}]}]}],\"props\":{\"margin\":\"medium\",\"margin_remove_top\":false}}],\"name\":\"Top\"}],\"version\":\"2.2.2\"} --><\/p>\n","protected":false},"excerpt":{"rendered":"<p>K\u00e4ltetechnik Planung, Projektierung und Installation Wartung und Instandhaltung Service und Notdienst Prozessk\u00fchlung K\u00fchl- und Tiefk\u00fchlanlagen Kaltwassersysteme Klimatechnik Planung und Montage \u00a0 Wartung und Instandhaltung \u00a0 Service und Notdienst \u00a0 Wohlf\u00fchlklimatisierung f\u00fcr Wohn- und Gewerber\u00e4ume mittels Split-, VRV-Anlagen und Kaltwassers\u00e4tzen, Klimatisierung von Technik- und EDV-R\u00e4umen \u00a0 L\u00fcftungstechnik Planung und Installation \u00a0 Wartung und Instandhaltung (VDMA oder [&hellip;]<\/p>\n","protected":false},"author":1,"featured_media":0,"parent":0,"menu_order":0,"comment_status":"closed","ping_status":"closed","template":"","meta":{"footnotes":""},"class_list":["post-332","page","type-page","status-publish","hentry"],"_links":{"self":[{"href":"https:\/\/www.peters-kkl.de\/index.php\/wp-json\/wp\/v2\/pages\/332","targetHints":{"allow":["GET"]}}],"collection":[{"href":"https:\/\/www.peters-kkl.de\/index.php\/wp-json\/wp\/v2\/pages"}],"about":[{"href":"https:\/\/www.peters-kkl.de\/index.php\/wp-json\/wp\/v2\/types\/page"}],"author":[{"embeddable":true,"href":"https:\/\/www.peters-kkl.de\/index.php\/wp-json\/wp\/v2\/users\/1"}],"replies":[{"embeddable":true,"href":"https:\/\/www.peters-kkl.de\/index.php\/wp-json\/wp\/v2\/comments?post=332"}],"version-history":[{"count":12,"href":"https:\/\/www.peters-kkl.de\/index.php\/wp-json\/wp\/v2\/pages\/332\/revisions"}],"predecessor-version":[{"id":349,"href":"https:\/\/www.peters-kkl.de\/index.php\/wp-json\/wp\/v2\/pages\/332\/revisions\/349"}],"wp:attachment":[{"href":"https:\/\/www.peters-kkl.de\/index.php\/wp-json\/wp\/v2\/media?parent=332"}],"curies":[{"name":"wp","href":"https:\/\/api.w.org\/{rel}","templated":true}]}}